{"id":55,"date":"2024-06-14T11:49:00","date_gmt":"2024-06-14T11:49:00","guid":{"rendered":"https:\/\/villamarinaoasis.es\/?page_id=55"},"modified":"2024-06-14T15:56:03","modified_gmt":"2024-06-14T15:56:03","slug":"villa-marina-oasis-2","status":"publish","type":"page","link":"https:\/\/villamarinaoasis.es\/index.php\/villa-marina-oasis-2\/","title":{"rendered":"Villa Marina Oasis"},"content":{"rendered":"\n<div class=\"wp-block-group alignfull has-global-padding is-layout-constrained wp-container-core-group-is-layout-d89aad35 wp-block-group-is-layout-constrained\" style=\"margin-top:0;margin-bottom:0;padding-top:var(--wp--preset--spacing--50);padding-right:var(--wp--preset--spacing--50);padding-bottom:var(--wp--preset--spacing--50);padding-left:var(--wp--preset--spacing--50)\">\n<div class=\"wp-block-group alignwide has-global-padding is-layout-constrained wp-container-core-group-is-layout-19e250f3 wp-block-group-is-layout-constrained\">\n<div class=\"wp-block-group is-vertical is-content-justification-center is-layout-flex wp-container-core-group-is-layout-6329a8f3 wp-block-group-is-layout-flex\">\n<h2 class=\"wp-block-heading has-text-align-center is-style-asterisk\">Distribuci\u00f3n y Comodidades<\/h2>\n\n\n\n<p class=\"has-text-align-center\">Descubre todos los detalles que vas a poder encontrar en Villa Marina Oasis<\/p>\n<\/div>\n\n\n\n<div style=\"height:20px\" aria-hidden=\"true\" class=\"wp-block-spacer\"><\/div>\n\n\n\n<div class=\"wp-block-columns alignwide is-layout-flex wp-container-core-columns-is-layout-d1c656ed wp-block-columns-is-layout-flex\">\n<div class=\"wp-block-column is-vertically-aligned-center is-layout-flow wp-block-column-is-layout-flow\" style=\"flex-basis:40%\">\n<h3 class=\"wp-block-heading is-style-asterisk\">Planta Baja<\/h3>\n\n\n\n<div style=\"height:18px\" aria-hidden=\"true\" class=\"wp-block-spacer\"><\/div>\n\n\n\n<p><strong>Sal\u00f3n:<\/strong> Aire acondicionado, amplio sof\u00e1, mesa de comedor extensible para 6 personas y Smart TV QLED de 55\u201d con canales internacionales.<\/p>\n\n\n\n<p><\/p>\n\n\n\n<p><strong>Cocina independiente: <\/strong>Totalmente equipada con menaje de alta calidad, vitrocer\u00e1mica de inducci\u00f3n, horno, microondas, frigor\u00edfico, lavavajillas, hervidor de agua, batidora, cafetera y Nespresso.<\/p>\n\n\n\n<p><\/p>\n\n\n\n<p><strong>Ba\u00f1o completo:<\/strong> Con plato de ducha.<\/p>\n\n\n\n<p><\/p>\n\n\n\n<p><strong>Terraza acristalada con zona de relax:<\/strong> Un espacio perfecto para descansar y disfrutar de la tranquilidad.<\/p>\n\n\n\n<p><\/p>\n\n\n\n<p><strong>Zona Exterior con Piscina Privada: <\/strong>Piscina de 6x3m\u00b2 con clorador salino para evitar irritaciones en la piel. Opcionalmente climatizable mediante bomba de calor y cobertor para mantener la temperatura.<\/p>\n\n\n\n<p><strong>Equipamiento Exterior:<\/strong> Hamacas, ducha solar y muebles de jard\u00edn, ideales para disfrutar del sol.<\/p>\n\n\n\n<p><\/p>\n\n\n\n<p><strong>Cuarto de Lavander\u00eda: <\/strong>Equipado con lavadora, plancha y tabla de planchar, de uso exclusivo para los hu\u00e9spedes.<\/p>\n\n\n\n<p><\/p>\n<\/div>\n\n\n\n<div class=\"wp-block-column is-layout-flow wp-block-column-is-layout-flow\" style=\"flex-basis:50%\">\n<div class=\"wp-block-group is-nowrap is-layout-flex wp-container-core-group-is-layout-6c531013 wp-block-group-is-layout-flex\">\n<div class=\"wp-block-group has-global-padding is-layout-constrained wp-block-group-is-layout-constrained\">\n<div class=\"wp-block-columns is-layout-flex wp-container-core-columns-is-layout-28f84493 wp-block-columns-is-layout-flex\">\n<div class=\"wp-block-column is-layout-flow wp-block-column-is-layout-flow\" style=\"flex-basis:100%\">\n<figure class=\"wp-block-image size-large\"><img loading=\"lazy\" decoding=\"async\" width=\"1024\" height=\"828\" src=\"https:\/\/villamarinaoasis.es\/wp-content\/uploads\/2024\/06\/42-copia-1024x828.jpg\" alt=\"\" class=\"wp-image-95\" srcset=\"https:\/\/villamarinaoasis.es\/wp-content\/uploads\/2024\/06\/42-copia-1024x828.jpg 1024w, https:\/\/villamarinaoasis.es\/wp-content\/uploads\/2024\/06\/42-copia-300x243.jpg 300w, https:\/\/villamarinaoasis.es\/wp-content\/uploads\/2024\/06\/42-copia-768x621.jpg 768w, https:\/\/villamarinaoasis.es\/wp-content\/uploads\/2024\/06\/42-copia-1536x1242.jpg 1536w, https:\/\/villamarinaoasis.es\/wp-content\/uploads\/2024\/06\/42-copia.jpg 1584w\" sizes=\"auto, (max-width: 1024px) 100vw, 1024px\" \/><\/figure>\n<\/div>\n<\/div>\n<\/div>\n<\/div>\n\n\n\n<figure class=\"wp-block-image size-large\"><img loading=\"lazy\" decoding=\"async\" width=\"1024\" height=\"804\" src=\"https:\/\/villamarinaoasis.es\/wp-content\/uploads\/2024\/06\/21-copia-1-1024x804.jpg\" alt=\"\" class=\"wp-image-90\" srcset=\"https:\/\/villamarinaoasis.es\/wp-content\/uploads\/2024\/06\/21-copia-1-1024x804.jpg 1024w, https:\/\/villamarinaoasis.es\/wp-content\/uploads\/2024\/06\/21-copia-1-300x236.jpg 300w, https:\/\/villamarinaoasis.es\/wp-content\/uploads\/2024\/06\/21-copia-1-768x603.jpg 768w, https:\/\/villamarinaoasis.es\/wp-content\/uploads\/2024\/06\/21-copia-1-1536x1206.jpg 1536w, https:\/\/villamarinaoasis.es\/wp-content\/uploads\/2024\/06\/21-copia-1.jpg 1743w\" sizes=\"auto, (max-width: 1024px) 100vw, 1024px\" \/><\/figure>\n<\/div>\n<\/div>\n\n\n\n<div style=\"height:var(--wp--preset--spacing--40)\" aria-hidden=\"true\" class=\"wp-block-spacer\"><\/div>\n\n\n\n<div class=\"wp-block-columns alignwide is-layout-flex wp-container-core-columns-is-layout-d1c656ed wp-block-columns-is-layout-flex\">\n<div class=\"wp-block-column is-layout-flow wp-block-column-is-layout-flow\" style=\"flex-basis:50%\">\n<figure class=\"wp-block-image size-large is-resized is-style-default\"><img loading=\"lazy\" decoding=\"async\" width=\"1024\" height=\"683\" src=\"https:\/\/villamarinaoasis.es\/wp-content\/uploads\/2024\/06\/2-copia-1024x683.jpg\" alt=\"\" class=\"wp-image-91\" style=\"width:666px;height:auto\" srcset=\"https:\/\/villamarinaoasis.es\/wp-content\/uploads\/2024\/06\/2-copia-1024x683.jpg 1024w, https:\/\/villamarinaoasis.es\/wp-content\/uploads\/2024\/06\/2-copia-300x200.jpg 300w, https:\/\/villamarinaoasis.es\/wp-content\/uploads\/2024\/06\/2-copia-768x512.jpg 768w, https:\/\/villamarinaoasis.es\/wp-content\/uploads\/2024\/06\/2-copia-1536x1024.jpg 1536w, https:\/\/villamarinaoasis.es\/wp-content\/uploads\/2024\/06\/2-copia-2048x1365.jpg 2048w\" sizes=\"auto, (max-width: 1024px) 100vw, 1024px\" \/><\/figure>\n<\/div>\n\n\n\n<div class=\"wp-block-column is-vertically-aligned-center is-layout-flow wp-block-column-is-layout-flow\" style=\"flex-basis:40%\">\n<h3 class=\"wp-block-heading is-style-asterisk\">Planta Alta<\/h3>\n\n\n\n<p><strong>Dormitorio Principal:<\/strong> Con cama de matrimonio (150 cm), gran armario y aire acondicionado.<\/p>\n\n\n\n<p><\/p>\n\n\n\n<p><strong>Segundo Dormitorio:<\/strong> Con dos camas individuales, tocador con espejo y aire acondicionado.<\/p>\n\n\n\n<p><\/p>\n\n\n\n<p><strong>Tercer Dormitorio:<\/strong> Con sof\u00e1 cama de 140 cm, Smart TV QLED de 43&#8243; y mesa de trabajo, tambi\u00e9n con aire acondicionado.<\/p>\n\n\n\n<p><\/p>\n\n\n\n<p><strong>Ba\u00f1o Completo:<\/strong> Con plato de ducha, secador de pelo y plancha.<\/p>\n<\/div>\n<\/div>\n\n\n\n<div style=\"height:var(--wp--preset--spacing--40)\" aria-hidden=\"true\" class=\"wp-block-spacer\"><\/div>\n\n\n\n<div class=\"wp-block-columns alignwide is-layout-flex wp-container-core-columns-is-layout-d1c656ed wp-block-columns-is-layout-flex\">\n<div class=\"wp-block-column is-vertically-aligned-center is-layout-flow wp-block-column-is-layout-flow\" style=\"flex-basis:40%\">\n<h3 class=\"wp-block-heading is-style-asterisk\">Conectividad y Tecnolog\u00eda<\/h3>\n\n\n\n<div style=\"height:18px\" aria-hidden=\"true\" class=\"wp-block-spacer\"><\/div>\n\n\n\n<p><strong>Internet de Alta Velocidad:<\/strong> Conexi\u00f3n de 1GB y Wi-Fi en toda la villa.<\/p>\n\n\n\n<p><\/p>\n\n\n\n<p><strong>Smart TVs:<\/strong> Con canales internacionales.<\/p>\n\n\n\n<p><\/p>\n\n\n\n<p><strong>Caja Fuerte:<\/strong> Para la seguridad de tus pertenencias.<\/p>\n\n\n\n<p><\/p>\n\n\n\n<p><strong>Aire Acondicionado: <\/strong>En el sal\u00f3n y en todas las habitaciones.<\/p>\n<\/div>\n\n\n\n<div class=\"wp-block-column is-layout-flow wp-block-column-is-layout-flow\" style=\"flex-basis:50%\">\n<div class=\"wp-block-group is-nowrap is-layout-flex wp-container-core-group-is-layout-6c531013 wp-block-group-is-layout-flex\">\n<div class=\"wp-block-group has-global-padding is-layout-constrained wp-block-group-is-layout-constrained\">\n<div class=\"wp-block-columns is-layout-flex wp-container-core-columns-is-layout-28f84493 wp-block-columns-is-layout-flex\">\n<div class=\"wp-block-column is-layout-flow wp-block-column-is-layout-flow\" style=\"flex-basis:100%\">\n<figure class=\"wp-block-image size-large\"><img loading=\"lazy\" decoding=\"async\" width=\"1024\" height=\"683\" src=\"https:\/\/villamarinaoasis.es\/wp-content\/uploads\/2024\/06\/44-copia-1024x683.jpg\" alt=\"\" class=\"wp-image-89\" srcset=\"https:\/\/villamarinaoasis.es\/wp-content\/uploads\/2024\/06\/44-copia-1024x683.jpg 1024w, https:\/\/villamarinaoasis.es\/wp-content\/uploads\/2024\/06\/44-copia-300x200.jpg 300w, https:\/\/villamarinaoasis.es\/wp-content\/uploads\/2024\/06\/44-copia-768x512.jpg 768w, https:\/\/villamarinaoasis.es\/wp-content\/uploads\/2024\/06\/44-copia-1536x1024.jpg 1536w, https:\/\/villamarinaoasis.es\/wp-content\/uploads\/2024\/06\/44-copia-2048x1365.jpg 2048w\" sizes=\"auto, (max-width: 1024px) 100vw, 1024px\" \/><\/figure>\n<\/div>\n<\/div>\n<\/div>\n<\/div>\n<\/div>\n<\/div>\n\n\n\n<div style=\"height:var(--wp--preset--spacing--40)\" aria-hidden=\"true\" class=\"wp-block-spacer\"><\/div>\n\n\n\n<div class=\"wp-block-columns alignwide is-layout-flex wp-container-core-columns-is-layout-d1c656ed wp-block-columns-is-layout-flex\">\n<div class=\"wp-block-column is-layout-flow wp-block-column-is-layout-flow\" style=\"flex-basis:50%\">\n<figure class=\"wp-block-image size-large is-resized is-style-default\"><img loading=\"lazy\" decoding=\"async\" width=\"1024\" height=\"731\" src=\"https:\/\/villamarinaoasis.es\/wp-content\/uploads\/2024\/06\/31-copia-1024x731.jpg\" alt=\"\" class=\"wp-image-94\" style=\"width:666px;height:auto\" srcset=\"https:\/\/villamarinaoasis.es\/wp-content\/uploads\/2024\/06\/31-copia-1024x731.jpg 1024w, https:\/\/villamarinaoasis.es\/wp-content\/uploads\/2024\/06\/31-copia-300x214.jpg 300w, https:\/\/villamarinaoasis.es\/wp-content\/uploads\/2024\/06\/31-copia-768x548.jpg 768w, https:\/\/villamarinaoasis.es\/wp-content\/uploads\/2024\/06\/31-copia-1536x1096.jpg 1536w, https:\/\/villamarinaoasis.es\/wp-content\/uploads\/2024\/06\/31-copia.jpg 1900w\" sizes=\"auto, (max-width: 1024px) 100vw, 1024px\" \/><\/figure>\n<\/div>\n\n\n\n<div class=\"wp-block-column is-vertically-aligned-center is-layout-flow wp-block-column-is-layout-flow\" style=\"flex-basis:40%\">\n<h3 class=\"wp-block-heading is-style-asterisk\">Ideal para Todo Tipo de Hu\u00e9spedes<\/h3>\n\n\n\n<p>Esta villa es perfecta para unas vacaciones inolvidables en pareja, con amigos o en familia, y tambi\u00e9n es ideal para teletrabajo gracias a sus comodidades y conexi\u00f3n de internet de alta velocidad.<\/p>\n\n\n\n<div style=\"height:26px\" aria-hidden=\"true\" class=\"wp-block-spacer\"><\/div>\n\n\n\n<h3 class=\"wp-block-heading is-style-asterisk\">Plaza de Parking<\/h3>\n\n\n\n<p>Parking Privado: Plaza de parking dentro de la propiedad para mayor comodidad.<\/p>\n<\/div>\n<\/div>\n<\/div>\n<\/div>\n\n\n\n<div class=\"wp-block-group alignfull has-global-padding is-layout-constrained wp-container-core-group-is-layout-b25ccd55 wp-block-group-is-layout-constrained\" style=\"margin-top:0;margin-bottom:0;padding-top:var(--wp--preset--spacing--50);padding-right:var(--wp--preset--spacing--50);padding-bottom:var(--wp--preset--spacing--50);padding-left:var(--wp--preset--spacing--50)\">\n<div class=\"wp-block-columns alignwide is-layout-flex wp-container-core-columns-is-layout-ff4b9c61 wp-block-columns-is-layout-flex\" style=\"margin-top:0;margin-bottom:0\">\n<div class=\"wp-block-column is-layout-flow wp-container-core-column-is-layout-8a368f38 wp-block-column-is-layout-flow\">\n<figure class=\"wp-block-image size-large is-style-default\"><img loading=\"lazy\" decoding=\"async\" width=\"1024\" height=\"683\" src=\"https:\/\/villamarinaoasis.es\/wp-content\/uploads\/2024\/06\/6-copia-1024x683.jpg\" alt=\"\" class=\"wp-image-92\" style=\"aspect-ratio:4\/3;object-fit:cover\" srcset=\"https:\/\/villamarinaoasis.es\/wp-content\/uploads\/2024\/06\/6-copia-1024x683.jpg 1024w, https:\/\/villamarinaoasis.es\/wp-content\/uploads\/2024\/06\/6-copia-300x200.jpg 300w, https:\/\/villamarinaoasis.es\/wp-content\/uploads\/2024\/06\/6-copia-768x512.jpg 768w, https:\/\/villamarinaoasis.es\/wp-content\/uploads\/2024\/06\/6-copia-1536x1024.jpg 1536w, https:\/\/villamarinaoasis.es\/wp-content\/uploads\/2024\/06\/6-copia-2048x1365.jpg 2048w\" sizes=\"auto, (max-width: 1024px) 100vw, 1024px\" \/><\/figure>\n\n\n\n<div style=\"height:var(--wp--preset--spacing--50)\" aria-hidden=\"true\" class=\"wp-block-spacer\"><\/div>\n\n\n\n<figure class=\"wp-block-image size-large is-style-default\"><img loading=\"lazy\" decoding=\"async\" width=\"461\" height=\"1024\" src=\"https:\/\/villamarinaoasis.es\/wp-content\/uploads\/2024\/06\/IMG_20240609_130501-461x1024.jpg\" alt=\"\" class=\"wp-image-105\" style=\"aspect-ratio:3\/4;object-fit:cover\" srcset=\"https:\/\/villamarinaoasis.es\/wp-content\/uploads\/2024\/06\/IMG_20240609_130501-461x1024.jpg 461w, https:\/\/villamarinaoasis.es\/wp-content\/uploads\/2024\/06\/IMG_20240609_130501-135x300.jpg 135w, https:\/\/villamarinaoasis.es\/wp-content\/uploads\/2024\/06\/IMG_20240609_130501-768x1707.jpg 768w, https:\/\/villamarinaoasis.es\/wp-content\/uploads\/2024\/06\/IMG_20240609_130501-691x1536.jpg 691w, https:\/\/villamarinaoasis.es\/wp-content\/uploads\/2024\/06\/IMG_20240609_130501-922x2048.jpg 922w, https:\/\/villamarinaoasis.es\/wp-content\/uploads\/2024\/06\/IMG_20240609_130501-scaled.jpg 1152w\" sizes=\"auto, (max-width: 461px) 100vw, 461px\" \/><\/figure>\n\n\n\n<div style=\"height:var(--wp--preset--spacing--50)\" aria-hidden=\"true\" class=\"wp-block-spacer\"><\/div>\n\n\n\n<figure class=\"wp-block-image size-large is-style-default\"><img loading=\"lazy\" decoding=\"async\" width=\"1024\" height=\"718\" src=\"https:\/\/villamarinaoasis.es\/wp-content\/uploads\/2024\/06\/A-33-copia-1024x718.jpg\" alt=\"\" class=\"wp-image-97\" style=\"aspect-ratio:3\/4;object-fit:cover\" srcset=\"https:\/\/villamarinaoasis.es\/wp-content\/uploads\/2024\/06\/A-33-copia-1024x718.jpg 1024w, https:\/\/villamarinaoasis.es\/wp-content\/uploads\/2024\/06\/A-33-copia-300x210.jpg 300w, https:\/\/villamarinaoasis.es\/wp-content\/uploads\/2024\/06\/A-33-copia-768x539.jpg 768w, https:\/\/villamarinaoasis.es\/wp-content\/uploads\/2024\/06\/A-33-copia.jpg 1282w\" sizes=\"auto, (max-width: 1024px) 100vw, 1024px\" \/><\/figure>\n<\/div>\n\n\n\n<div class=\"wp-block-column is-layout-flow wp-container-core-column-is-layout-8a368f38 wp-block-column-is-layout-flow\">\n<div style=\"height:var(--wp--preset--spacing--50)\" aria-hidden=\"true\" class=\"wp-block-spacer\"><\/div>\n\n\n\n<figure class=\"wp-block-image size-large is-style-default\"><img loading=\"lazy\" decoding=\"async\" width=\"999\" height=\"1024\" src=\"https:\/\/villamarinaoasis.es\/wp-content\/uploads\/2024\/06\/10-copia-999x1024.jpg\" alt=\"\" class=\"wp-image-93\" style=\"aspect-ratio:3\/4;object-fit:cover\" srcset=\"https:\/\/villamarinaoasis.es\/wp-content\/uploads\/2024\/06\/10-copia-999x1024.jpg 999w, https:\/\/villamarinaoasis.es\/wp-content\/uploads\/2024\/06\/10-copia-293x300.jpg 293w, https:\/\/villamarinaoasis.es\/wp-content\/uploads\/2024\/06\/10-copia-768x787.jpg 768w, https:\/\/villamarinaoasis.es\/wp-content\/uploads\/2024\/06\/10-copia.jpg 1340w\" sizes=\"auto, (max-width: 999px) 100vw, 999px\" \/><\/figure>\n\n\n\n<div style=\"height:var(--wp--preset--spacing--50)\" aria-hidden=\"true\" class=\"wp-block-spacer\"><\/div>\n\n\n\n<figure class=\"wp-block-image size-large is-style-default\"><img loading=\"lazy\" decoding=\"async\" width=\"1024\" height=\"724\" src=\"https:\/\/villamarinaoasis.es\/wp-content\/uploads\/2024\/06\/comp-14-1024x724.jpg\" alt=\"\" class=\"wp-image-101\" style=\"aspect-ratio:1;object-fit:cover\" srcset=\"https:\/\/villamarinaoasis.es\/wp-content\/uploads\/2024\/06\/comp-14-1024x724.jpg 1024w, https:\/\/villamarinaoasis.es\/wp-content\/uploads\/2024\/06\/comp-14-300x212.jpg 300w, https:\/\/villamarinaoasis.es\/wp-content\/uploads\/2024\/06\/comp-14-768x543.jpg 768w, https:\/\/villamarinaoasis.es\/wp-content\/uploads\/2024\/06\/comp-14-1536x1086.jpg 1536w, https:\/\/villamarinaoasis.es\/wp-content\/uploads\/2024\/06\/comp-14.jpg 1754w\" sizes=\"auto, (max-width: 1024px) 100vw, 1024px\" \/><\/figure>\n\n\n\n<div style=\"height:var(--wp--preset--spacing--50)\" aria-hidden=\"true\" class=\"wp-block-spacer\"><\/div>\n\n\n\n<figure class=\"wp-block-image size-large is-style-default\"><img loading=\"lazy\" decoding=\"async\" width=\"1024\" height=\"724\" src=\"https:\/\/villamarinaoasis.es\/wp-content\/uploads\/2024\/06\/comp-9-1024x724.jpg\" alt=\"\" class=\"wp-image-98\" style=\"aspect-ratio:1;object-fit:cover\" srcset=\"https:\/\/villamarinaoasis.es\/wp-content\/uploads\/2024\/06\/comp-9-1024x724.jpg 1024w, https:\/\/villamarinaoasis.es\/wp-content\/uploads\/2024\/06\/comp-9-300x212.jpg 300w, https:\/\/villamarinaoasis.es\/wp-content\/uploads\/2024\/06\/comp-9-768x543.jpg 768w, https:\/\/villamarinaoasis.es\/wp-content\/uploads\/2024\/06\/comp-9-1536x1086.jpg 1536w, https:\/\/villamarinaoasis.es\/wp-content\/uploads\/2024\/06\/comp-9.jpg 1754w\" sizes=\"auto, (max-width: 1024px) 100vw, 1024px\" \/><\/figure>\n<\/div>\n\n\n\n<div class=\"wp-block-column is-layout-flow wp-container-core-column-is-layout-8a368f38 wp-block-column-is-layout-flow\">\n<figure class=\"wp-block-image size-large is-style-default\"><img loading=\"lazy\" decoding=\"async\" width=\"905\" height=\"1024\" src=\"https:\/\/villamarinaoasis.es\/wp-content\/uploads\/2024\/06\/30-copia-1-905x1024.jpg\" alt=\"\" class=\"wp-image-107\" style=\"aspect-ratio:3\/4;object-fit:cover\" srcset=\"https:\/\/villamarinaoasis.es\/wp-content\/uploads\/2024\/06\/30-copia-1-905x1024.jpg 905w, https:\/\/villamarinaoasis.es\/wp-content\/uploads\/2024\/06\/30-copia-1-265x300.jpg 265w, https:\/\/villamarinaoasis.es\/wp-content\/uploads\/2024\/06\/30-copia-1-768x869.jpg 768w, https:\/\/villamarinaoasis.es\/wp-content\/uploads\/2024\/06\/30-copia-1.jpg 1206w\" sizes=\"auto, (max-width: 905px) 100vw, 905px\" \/><\/figure>\n\n\n\n<div style=\"height:127px\" aria-hidden=\"true\" class=\"wp-block-spacer\"><\/div>\n\n\n\n<figure class=\"wp-block-image size-large is-style-default\"><img loading=\"lazy\" decoding=\"async\" width=\"461\" height=\"1024\" src=\"https:\/\/villamarinaoasis.es\/wp-content\/uploads\/2024\/06\/IMG_20240609_125826-461x1024.jpg\" alt=\"\" class=\"wp-image-106\" style=\"aspect-ratio:3\/4;object-fit:cover\" srcset=\"https:\/\/villamarinaoasis.es\/wp-content\/uploads\/2024\/06\/IMG_20240609_125826-461x1024.jpg 461w, https:\/\/villamarinaoasis.es\/wp-content\/uploads\/2024\/06\/IMG_20240609_125826-135x300.jpg 135w, https:\/\/villamarinaoasis.es\/wp-content\/uploads\/2024\/06\/IMG_20240609_125826-768x1707.jpg 768w, https:\/\/villamarinaoasis.es\/wp-content\/uploads\/2024\/06\/IMG_20240609_125826-691x1536.jpg 691w, https:\/\/villamarinaoasis.es\/wp-content\/uploads\/2024\/06\/IMG_20240609_125826-922x2048.jpg 922w, https:\/\/villamarinaoasis.es\/wp-content\/uploads\/2024\/06\/IMG_20240609_125826-scaled.jpg 1152w\" sizes=\"auto, (max-width: 461px) 100vw, 461px\" \/><\/figure>\n\n\n\n<div style=\"height:var(--wp--preset--spacing--50)\" aria-hidden=\"true\" class=\"wp-block-spacer\"><\/div>\n\n\n\n<figure class=\"wp-block-image size-full is-resized is-style-default\"><img loading=\"lazy\" decoding=\"async\" width=\"1024\" height=\"724\" src=\"https:\/\/villamarinaoasis.es\/wp-content\/uploads\/2024\/06\/image.jpeg\" alt=\"La imagen tiene un atributo ALT vac\u00edo; su nombre de archivo es comp-9-1024x724.jpg\" class=\"wp-image-128\" style=\"aspect-ratio:1.7777777777777777;object-fit:cover;width:363px;height:auto\" srcset=\"https:\/\/villamarinaoasis.es\/wp-content\/uploads\/2024\/06\/image.jpeg 1024w, https:\/\/villamarinaoasis.es\/wp-content\/uploads\/2024\/06\/image-300x212.jpeg 300w, https:\/\/villamarinaoasis.es\/wp-content\/uploads\/2024\/06\/image-768x543.jpeg 768w\" sizes=\"auto, (max-width: 1024px) 100vw, 1024px\" \/><\/figure>\n<\/div>\n<\/div>\n\n\n\n<div class=\"wp-block-group alignfull has-accent-3-background-color has-background is-vertical is-content-justification-center is-layout-flex wp-container-core-group-is-layout-623b1cb9 wp-block-group-is-layout-flex\" style=\"min-height:100vh;margin-top:0;margin-bottom:0;padding-top:var(--wp--preset--spacing--60);padding-right:var(--wp--preset--spacing--50);padding-bottom:var(--wp--preset--spacing--60);padding-left:var(--wp--preset--spacing--50)\">\n<div class=\"wp-block-group is-nowrap is-layout-flex wp-container-core-group-is-layout-6c531013 wp-block-group-is-layout-flex\">\n<figure class=\"wp-block-image aligncenter size-full is-resized\"><img loading=\"lazy\" decoding=\"async\" width=\"500\" height=\"500\" src=\"https:\/\/villamarinaoasis.es\/wp-content\/uploads\/2024\/06\/3-2.png\" alt=\"\" class=\"wp-image-129\" style=\"aspect-ratio:0.9183673469387755;object-fit:cover;width:309px;height:auto\" srcset=\"https:\/\/villamarinaoasis.es\/wp-content\/uploads\/2024\/06\/3-2.png 500w, https:\/\/villamarinaoasis.es\/wp-content\/uploads\/2024\/06\/3-2-300x300.png 300w, https:\/\/villamarinaoasis.es\/wp-content\/uploads\/2024\/06\/3-2-150x150.png 150w\" sizes=\"auto, (max-width: 500px) 100vw, 500px\" \/><\/figure>\n\n\n\n<div class=\"wp-block-group has-global-padding is-layout-constrained wp-block-group-is-layout-constrained\">\n<div style=\"height:var(--wp--preset--spacing--10)\" aria-hidden=\"true\" class=\"wp-block-spacer\"><\/div>\n\n\n\n<h2 class=\"wp-block-heading has-text-align-center has-contrast-color has-text-color has-link-color has-x-large-font-size wp-elements-61a099da5061bbe7f912b81cb2563174\" style=\"margin-right:0;margin-left:0;padding-right:0;padding-left:0\">Villa Marina Oasis est\u00e1 a 30 minutos del Aeropuerto de Lanzarote<\/h2>\n\n\n\n<div style=\"height:var(--wp--preset--spacing--10)\" aria-hidden=\"true\" class=\"wp-block-spacer\"><\/div>\n\n\n\n<div class=\"wp-block-buttons is-content-justification-center is-layout-flex wp-container-core-buttons-is-layout-a89b3969 wp-block-buttons-is-layout-flex\">\n<div class=\"wp-block-button\"><a class=\"wp-block-button__link wp-element-button\" href=\"https:\/\/www.google.com\/maps\/place\/Calendula,+35580,+Las+Palmas\/@28.8629225,-13.8109967,17z\/data=!3m1!4b1!4m6!3m5!1s0xc4630c7bfbc5bb9:0xb18602cb68cca744!8m2!3d28.8629225!4d-13.8084164!16s%2Fg%2F11l6dwchgz?entry=ttu\">Mira la localizaci\u00f3n en Google Maps<\/a><\/div>\n<\/div>\n<\/div>\n<\/div>\n<\/div>\n<\/div>\n","protected":false},"excerpt":{"rendered":"<p>Distribuci\u00f3n y Comodidades Descubre todos los detalles que vas a poder encontrar en Villa Marina Oasis Planta Baja Sal\u00f3n: Aire acondicionado, amplio sof\u00e1, mesa de comedor extensible para 6 personas y Smart TV QLED de 55\u201d con canales internacionales. Cocina independiente: Totalmente equipada con menaje de alta calidad, vitrocer\u00e1mica de inducci\u00f3n, horno, microondas, frigor\u00edfico, lavavajillas, [&hellip;]<\/p>\n","protected":false},"author":2,"featured_media":0,"parent":0,"menu_order":0,"comment_status":"closed","ping_status":"closed","template":"","meta":{"footnotes":""},"class_list":["post-55","page","type-page","status-publish","hentry"],"_links":{"self":[{"href":"https:\/\/villamarinaoasis.es\/index.php\/wp-json\/wp\/v2\/pages\/55","targetHints":{"allow":["GET"]}}],"collection":[{"href":"https:\/\/villamarinaoasis.es\/index.php\/wp-json\/wp\/v2\/pages"}],"about":[{"href":"https:\/\/villamarinaoasis.es\/index.php\/wp-json\/wp\/v2\/types\/page"}],"author":[{"embeddable":true,"href":"https:\/\/villamarinaoasis.es\/index.php\/wp-json\/wp\/v2\/users\/2"}],"replies":[{"embeddable":true,"href":"https:\/\/villamarinaoasis.es\/index.php\/wp-json\/wp\/v2\/comments?post=55"}],"version-history":[{"count":10,"href":"https:\/\/villamarinaoasis.es\/index.php\/wp-json\/wp\/v2\/pages\/55\/revisions"}],"predecessor-version":[{"id":131,"href":"https:\/\/villamarinaoasis.es\/index.php\/wp-json\/wp\/v2\/pages\/55\/revisions\/131"}],"wp:attachment":[{"href":"https:\/\/villamarinaoasis.es\/index.php\/wp-json\/wp\/v2\/media?parent=55"}],"curies":[{"name":"wp","href":"https:\/\/api.w.org\/{rel}","templated":true}]}}